{"id":311,"date":"2021-03-29T10:17:54","date_gmt":"2021-03-29T13:17:54","guid":{"rendered":"https:\/\/sjpneus.com.br\/?page_id=311"},"modified":"2023-07-24T11:05:09","modified_gmt":"2023-07-24T14:05:09","slug":"principal","status":"publish","type":"page","link":"https:\/\/sjpneus.com.br\/","title":{"rendered":"Principal"},"content":{"rendered":"<div class=\"art-content-layout-wrapper layout-item-0\">\n<div class=\"art-content-layout\">\n<div class=\"art-content-layout-row\">\n<div class=\"art-layout-cell layout-item-1\" style=\"width: 52%;\"><img loading=\"lazy\" decoding=\"async\" class=\"art-lightbox\" style=\"border-width: 0px; margin: 0px;\" src=\"http:\/\/sjpneus.com.br\/wp-content\/uploads\/2021\/03\/877e6835-74ec-44ae-8357-3eb2ce5971d6.png\" alt=\"\" width=\"380\" height=\"253\" \/><\/div>\n<div class=\"art-layout-cell layout-item-1\" style=\"width: 48%;\">\n<h4 class=\"text-justify\"><strong>Centro automotivo<\/strong>\u00a0SJ Pneus \u00e9 local onde voc\u00ea vai encontrar v\u00e1rios servi\u00e7os e agregados automotivos, facilitando o seu tempo na procura de solu\u00e7\u00f5es para o seu ve\u00edculo.<\/h4>\n<h4>Aqui voc\u00ea encontra: venda de pneus, venda de aditivos e troca de \u00f3leo,<br \/>\nalinhamento e balanceamento, servi\u00e7os de freios, motores, suspens\u00e3o e auto el\u00e9trica.<\/h4>\n<\/div>\n<\/div>\n<\/div>\n<\/div>\n<div class=\"art-content-layout\">\n<div class=\"art-content-layout-row\">\n<div class=\"art-layout-cell layout-item-1\" style=\"width: 33%;\">\n<h3><img loading=\"lazy\" decoding=\"async\" class=\"art-lightbox\" style=\"margin: 5px; border: 1px solid #848484;\" src=\"http:\/\/sjpneus.com.br\/wp-content\/uploads\/2021\/03\/ma703.jpg\" alt=\"\" width=\"225\" height=\"112\" \/><br \/>\nProdutos<\/h3>\n<p>Acess\u00f3rios, pe\u00e7as, escapamentos, rodas, suspens\u00e3o, \u00a0do b\u00e1sico ao mais sofisticado, voc\u00ea encontra aqui na SJ Pneus.<\/p>\n<p><a href=\"\/produtos-e-servicos\">Saber mais&#8230;<\/a><\/p>\n<\/div>\n<div class=\"art-layout-cell layout-item-1\" style=\"width: 34%;\">\n<h3><img loading=\"lazy\" decoding=\"async\" class=\"art-lightbox\" src=\"http:\/\/sjpneus.com.br\/wp-content\/uploads\/2021\/03\/DSC_1049-2.jpg\" alt=\"\" width=\"239\" height=\"119\" \/>Servi\u00e7os<\/h3>\n<p>Chega de correr atr\u00e1s de v\u00e1rias oficinas para resolver os problemas de seu ve\u00edculos, oferece v\u00e1rios servi\u00e7os em um s\u00f3 lugar, mais comodidade para voc\u00ea.<\/p>\n<ul style=\"margin-top: 1em; margin-bottom: 1em; margin-left: 2em;\">\n<li><a href=\"\/produtos-e-servicos\/pneus\">pneus e suspens\u00e3o;<\/a><\/li>\n<li><a href=\"\/produtos-e-servicos\/escapamentos\">escapamentos.<\/a><\/li>\n<li><a href=\"\/produtos-e-servicos\/eletrica\">motor e el\u00e9trica.<\/a><\/li>\n<\/ul>\n<\/div>\n<div class=\"art-layout-cell layout-item-1\" style=\"width: 33%;\">\n<h3><img loading=\"lazy\" decoding=\"async\" class=\"art-lightbox\" style=\"margin-left: 36px;\" src=\"http:\/\/sjpneus.com.br\/wp-content\/uploads\/2021\/03\/SIMBOLO-LEVA-E-TRAZ.png\" alt=\"\" width=\"154\" height=\"126\" \/>Comodidade<\/h3>\n<p>Na correria do dia a dia, o servi\u00e7o tem que ser completo, por isso para sua comodidade n\u00f3s oferecemos ao nosso cliente o servi\u00e7o LEVA E TRAZ.<\/p>\n<p><a href=\"\/Blog%20Posts\/new-post\">Saber mais&#8230;<\/a><\/p>\n<\/div>\n<\/div>\n<\/div>\n","protected":false},"excerpt":{"rendered":"<p>Centro automotivo\u00a0SJ Pneus \u00e9 local onde voc\u00ea vai encontrar v\u00e1rios servi\u00e7os e agregados automotivos, facilitando o seu tempo na procura de solu\u00e7\u00f5es para o seu ve\u00edculo. Aqui voc\u00ea encontra: venda de pneus, venda de aditivos e troca de \u00f3leo, alinhamento e balanceamento, servi\u00e7os de freios, motores, suspens\u00e3o e auto el\u00e9trica. Produtos Acess\u00f3rios, pe\u00e7as, escapamentos, rodas, [&hellip;]<\/p>\n","protected":false},"author":1,"featured_media":0,"parent":0,"menu_order":1,"comment_status":"closed","ping_status":"closed","template":"","meta":{"footnotes":""},"class_list":["post-311","page","type-page","status-publish","hentry"],"yoast_head":"<!-- This site is optimized with the Yoast SEO plugin v26.0 - https:\/\/yoast.com\/wordpress\/plugins\/seo\/ -->\n<title>Principal -<\/title>\n<meta name=\"robots\" content=\"index, follow, max-snippet:-1, max-image-preview:large, max-video-preview:-1\" \/>\n<link rel=\"canonical\" href=\"https:\/\/sjpneus.com.br\/\" \/>\n<meta property=\"og:locale\" content=\"pt_BR\" \/>\n<meta property=\"og:type\" content=\"article\" \/>\n<meta property=\"og:title\" content=\"Principal -\" \/>\n<meta property=\"og:description\" content=\"Centro automotivo\u00a0SJ Pneus \u00e9 local onde voc\u00ea vai encontrar v\u00e1rios servi\u00e7os e agregados automotivos, facilitando o seu tempo na procura de solu\u00e7\u00f5es para o seu ve\u00edculo. Aqui voc\u00ea encontra: venda de pneus, venda de aditivos e troca de \u00f3leo, alinhamento e balanceamento, servi\u00e7os de freios, motores, suspens\u00e3o e auto el\u00e9trica. Produtos Acess\u00f3rios, pe\u00e7as, escapamentos, rodas, [&hellip;]\" \/>\n<meta property=\"og:url\" content=\"https:\/\/sjpneus.com.br\/\" \/>\n<meta property=\"article:modified_time\" content=\"2023-07-24T14:05:09+00:00\" \/>\n<meta property=\"og:image\" content=\"http:\/\/sjpneus.com.br\/wp-content\/uploads\/2021\/03\/877e6835-74ec-44ae-8357-3eb2ce5971d6.png\" \/>\n<meta name=\"twitter:card\" content=\"summary_large_image\" \/>\n<meta name=\"twitter:label1\" content=\"Est. tempo de leitura\" \/>\n\t<meta name=\"twitter:data1\" content=\"1 minuto\" \/>\n<script type=\"application\/ld+json\" class=\"yoast-schema-graph\">{\"@context\":\"https:\/\/schema.org\",\"@graph\":[{\"@type\":\"WebPage\",\"@id\":\"https:\/\/sjpneus.com.br\/\",\"url\":\"https:\/\/sjpneus.com.br\/\",\"name\":\"Principal -\",\"isPartOf\":{\"@id\":\"https:\/\/sjpneus.com.br\/#website\"},\"primaryImageOfPage\":{\"@id\":\"https:\/\/sjpneus.com.br\/#primaryimage\"},\"image\":{\"@id\":\"https:\/\/sjpneus.com.br\/#primaryimage\"},\"thumbnailUrl\":\"http:\/\/sjpneus.com.br\/wp-content\/uploads\/2021\/03\/877e6835-74ec-44ae-8357-3eb2ce5971d6.png\",\"datePublished\":\"2021-03-29T13:17:54+00:00\",\"dateModified\":\"2023-07-24T14:05:09+00:00\",\"breadcrumb\":{\"@id\":\"https:\/\/sjpneus.com.br\/#breadcrumb\"},\"inLanguage\":\"pt-BR\",\"potentialAction\":[{\"@type\":\"ReadAction\",\"target\":[\"https:\/\/sjpneus.com.br\/\"]}]},{\"@type\":\"ImageObject\",\"inLanguage\":\"pt-BR\",\"@id\":\"https:\/\/sjpneus.com.br\/#primaryimage\",\"url\":\"https:\/\/sjpneus.com.br\/wp-content\/uploads\/2021\/03\/877e6835-74ec-44ae-8357-3eb2ce5971d6.png\",\"contentUrl\":\"https:\/\/sjpneus.com.br\/wp-content\/uploads\/2021\/03\/877e6835-74ec-44ae-8357-3eb2ce5971d6.png\",\"width\":380,\"height\":253},{\"@type\":\"BreadcrumbList\",\"@id\":\"https:\/\/sjpneus.com.br\/#breadcrumb\",\"itemListElement\":[{\"@type\":\"ListItem\",\"position\":1,\"name\":\"In\u00edcio\",\"item\":\"https:\/\/sjpneus.com.br\/\"},{\"@type\":\"ListItem\",\"position\":2,\"name\":\"Principal\"}]},{\"@type\":\"WebSite\",\"@id\":\"https:\/\/sjpneus.com.br\/#website\",\"url\":\"https:\/\/sjpneus.com.br\/\",\"name\":\"\",\"description\":\"\",\"potentialAction\":[{\"@type\":\"SearchAction\",\"target\":{\"@type\":\"EntryPoint\",\"urlTemplate\":\"https:\/\/sjpneus.com.br\/?s={search_term_string}\"},\"query-input\":{\"@type\":\"PropertyValueSpecification\",\"valueRequired\":true,\"valueName\":\"search_term_string\"}}],\"inLanguage\":\"pt-BR\"}]}<\/script>\n<!-- \/ Yoast SEO plugin. -->","yoast_head_json":{"title":"Principal -","robots":{"index":"index","follow":"follow","max-snippet":"max-snippet:-1","max-image-preview":"max-image-preview:large","max-video-preview":"max-video-preview:-1"},"canonical":"https:\/\/sjpneus.com.br\/","og_locale":"pt_BR","og_type":"article","og_title":"Principal -","og_description":"Centro automotivo\u00a0SJ Pneus \u00e9 local onde voc\u00ea vai encontrar v\u00e1rios servi\u00e7os e agregados automotivos, facilitando o seu tempo na procura de solu\u00e7\u00f5es para o seu ve\u00edculo. Aqui voc\u00ea encontra: venda de pneus, venda de aditivos e troca de \u00f3leo, alinhamento e balanceamento, servi\u00e7os de freios, motores, suspens\u00e3o e auto el\u00e9trica. Produtos Acess\u00f3rios, pe\u00e7as, escapamentos, rodas, [&hellip;]","og_url":"https:\/\/sjpneus.com.br\/","article_modified_time":"2023-07-24T14:05:09+00:00","og_image":[{"url":"http:\/\/sjpneus.com.br\/wp-content\/uploads\/2021\/03\/877e6835-74ec-44ae-8357-3eb2ce5971d6.png","type":"","width":"","height":""}],"twitter_card":"summary_large_image","twitter_misc":{"Est. tempo de leitura":"1 minuto"},"schema":{"@context":"https:\/\/schema.org","@graph":[{"@type":"WebPage","@id":"https:\/\/sjpneus.com.br\/","url":"https:\/\/sjpneus.com.br\/","name":"Principal -","isPartOf":{"@id":"https:\/\/sjpneus.com.br\/#website"},"primaryImageOfPage":{"@id":"https:\/\/sjpneus.com.br\/#primaryimage"},"image":{"@id":"https:\/\/sjpneus.com.br\/#primaryimage"},"thumbnailUrl":"http:\/\/sjpneus.com.br\/wp-content\/uploads\/2021\/03\/877e6835-74ec-44ae-8357-3eb2ce5971d6.png","datePublished":"2021-03-29T13:17:54+00:00","dateModified":"2023-07-24T14:05:09+00:00","breadcrumb":{"@id":"https:\/\/sjpneus.com.br\/#breadcrumb"},"inLanguage":"pt-BR","potentialAction":[{"@type":"ReadAction","target":["https:\/\/sjpneus.com.br\/"]}]},{"@type":"ImageObject","inLanguage":"pt-BR","@id":"https:\/\/sjpneus.com.br\/#primaryimage","url":"https:\/\/sjpneus.com.br\/wp-content\/uploads\/2021\/03\/877e6835-74ec-44ae-8357-3eb2ce5971d6.png","contentUrl":"https:\/\/sjpneus.com.br\/wp-content\/uploads\/2021\/03\/877e6835-74ec-44ae-8357-3eb2ce5971d6.png","width":380,"height":253},{"@type":"BreadcrumbList","@id":"https:\/\/sjpneus.com.br\/#breadcrumb","itemListElement":[{"@type":"ListItem","position":1,"name":"In\u00edcio","item":"https:\/\/sjpneus.com.br\/"},{"@type":"ListItem","position":2,"name":"Principal"}]},{"@type":"WebSite","@id":"https:\/\/sjpneus.com.br\/#website","url":"https:\/\/sjpneus.com.br\/","name":"","description":"","potentialAction":[{"@type":"SearchAction","target":{"@type":"EntryPoint","urlTemplate":"https:\/\/sjpneus.com.br\/?s={search_term_string}"},"query-input":{"@type":"PropertyValueSpecification","valueRequired":true,"valueName":"search_term_string"}}],"inLanguage":"pt-BR"}]}},"_links":{"self":[{"href":"https:\/\/sjpneus.com.br\/index.php?rest_route=\/wp\/v2\/pages\/311","targetHints":{"allow":["GET"]}}],"collection":[{"href":"https:\/\/sjpneus.com.br\/index.php?rest_route=\/wp\/v2\/pages"}],"about":[{"href":"https:\/\/sjpneus.com.br\/index.php?rest_route=\/wp\/v2\/types\/page"}],"author":[{"embeddable":true,"href":"https:\/\/sjpneus.com.br\/index.php?rest_route=\/wp\/v2\/users\/1"}],"replies":[{"embeddable":true,"href":"https:\/\/sjpneus.com.br\/index.php?rest_route=%2Fwp%2Fv2%2Fcomments&post=311"}],"version-history":[{"count":1,"href":"https:\/\/sjpneus.com.br\/index.php?rest_route=\/wp\/v2\/pages\/311\/revisions"}],"predecessor-version":[{"id":387,"href":"https:\/\/sjpneus.com.br\/index.php?rest_route=\/wp\/v2\/pages\/311\/revisions\/387"}],"wp:attachment":[{"href":"https:\/\/sjpneus.com.br\/index.php?rest_route=%2Fwp%2Fv2%2Fmedia&parent=311"}],"curies":[{"name":"wp","href":"https:\/\/api.w.org\/{rel}","templated":true}]}}