{"id":313,"date":"2021-03-29T10:17:56","date_gmt":"2021-03-29T13:17:56","guid":{"rendered":"https:\/\/sjpneus.com.br\/?page_id=313"},"modified":"2021-03-29T10:17:56","modified_gmt":"2021-03-29T13:17:56","slug":"produtos-e-servicos","status":"publish","type":"page","link":"https:\/\/sjpneus.com.br\/?page_id=313","title":{"rendered":"Produtos e Servi\u00e7os para seu ve\u00edculo"},"content":{"rendered":"<div class=\"art-content-layout\">\n<div class=\"art-content-layout-row\">\n<div class=\"art-layout-cell layout-item-0\" style=\"width: 42%\" >\n        <img loading=\"lazy\" decoding=\"async\" width=\"300\" height=\"267\" style=\"margin-top: 5px; margin-right: 5px; margin-bottom: 5px; margin-left: 5px; border-top-style: solid; border-right-style: solid; border-bottom-style: solid; border-left-style: solid; border-top-color: rgb(132, 132, 132); border-right-color: rgb(132, 132, 132); border-bottom-color: rgb(132, 132, 132); border-left-color: rgb(132, 132, 132); border-top-width: 1px; border-right-width: 1px; border-bottom-width: 1px; border-left-width: 1px; \" alt=\"\" class=\"art-lightbox\" src=\"http:\/\/sjpneus.com.br\/wp-content\/uploads\/2021\/03\/9adde967-8369-4f07-9362-a1a3780d778b.png\">\n    <\/div>\n<div class=\"art-layout-cell layout-item-0\" style=\"width: 58%\" >\n<p><span style=\"font-weight: bold; font-size: 16px;\">Cuide bem de seu carro, ele vai durar mais e voc\u00ea economiza!<\/span><\/p>\n<p><span style=\"font-size: 14px;\">A apar\u00eancia n\u00e3o \u00e9 tudo, seu ve\u00edculo precisa de cuidados para garantir a sua seguran\u00e7a e aumentar a vida \u00fatil.<\/span><\/p>\n<p><span style=\"font-size: 14px;\">Al\u00e9m disto, um carro com as manuten\u00e7\u00f5es em dia tem mais valor de revenda, siga sempre as recomenda\u00e7\u00f5es do frabricante que constam no manual que veio com o seu ve\u00edculo, l\u00e1 voc\u00ea vai encontrar todas as recomenda\u00e7\u00f5es para as trocas de \u00f3leo, pneus, amortecedores, baterias, suspens\u00e3o, etc.<\/span><\/p>\n<\/p><\/div>\n<\/p><\/div>\n<\/div>\n<div class=\"art-content-layout\">\n<div class=\"art-content-layout-row\">\n<div class=\"art-layout-cell layout-item-0\" style=\"width: 33%\" >\n<h3>Acess\u00f3rios<\/h3>\n<p class=\"MsoNormal\" style=\"margin-bottom: 0.0001pt;\"><span style=\"font-size: 9pt; font-family: Arial, sans-serif;\">O Centro Automotivo S\u00e3o Jos\u00e9 disp\u00f5e<br \/>\n         de uma linha completa em acess\u00f3rios para deixar o seu carro mais completo e<br \/>\n         seguro.<\/span><\/p>\n<p class=\"MsoNormal\" style=\"margin-bottom: 0.0001pt;\"><span style=\"font-size: 9pt; font-family: Arial, sans-serif;\">As melhores marcas e pre\u00e7os do<br \/>\n         mercado est\u00e3o no Centro Automotivo S\u00e3o Jos\u00e9.<\/span><\/p>\n<ul>\n<li>Engates,<\/li>\n<li>Protetor de c\u00e1rter<\/li>\n<li>Palhetas;<\/li>\n<li>Extintores,<\/li>\n<li>Baterias,<\/li>\n<li>L\u00e2mpadas.<\/li>\n<\/ul><\/div>\n<div class=\"art-layout-cell layout-item-0\" style=\"width: 34%\" >\n<h3>El\u00e9trica<\/h3>\n<p class=\"MsoNormal\">Al\u00e9m de consertos e substitui\u00e7\u00e3o de pe\u00e7as da parte el\u00e9trica<br \/>\n         fazemos a revis\u00e3o el\u00e9trica automotiva verificando tudo que pode ser medido ou<br \/>\n         avaliado visualmente dos componentes&nbsp;el\u00e9tricos do seu ve\u00edculo. Avaliamos o<br \/>\n         alternador, a descarga da bateria, o aperto dos fios de aterramento, tanto na<br \/>\n         bateria como na lata do carro. E conferimos se todas as&nbsp;l\u00e2mpadas s\u00e3o<br \/>\n         acesas e cumprem suas finalidades. Al\u00e9m disso, todos os outros&nbsp;componentes<br \/>\n         s\u00e3o testados e para verificar se funcionam conforme o manual do carro.<\/p>\n<\/p><\/div>\n<div class=\"art-layout-cell layout-item-0\" style=\"width: 33%\" >\n<h3>Escapamentos<\/h3>\n<p class=\"MsoNormal\"><span style=\"font-size: 9pt; line-height: 107%; font-family: Arial, sans-serif;\">O sistema de exaust\u00e3o dos ve\u00edculos \u00e9 composto normalmente<br \/>\n         por: coletor de exaust\u00e3o, flex\u00edvel, catalisador, intermedi\u00e1rios, silencioso<br \/>\n         traseiro, juntas, graxetas, abra\u00e7adeiras e coxins. Cada um destes itens tem um<br \/>\n         papel importante em sua fun\u00e7\u00e3o b\u00e1sica que \u00e9 a libera\u00e7\u00e3o eficiente dos gases,<br \/>\n         redu\u00e7\u00e3o de ru\u00eddo, aux\u00edlio na vida \u00fatil do motor e performance, controle e<br \/>\n         economia de combust\u00edvel, redu\u00e7\u00e3o da emiss\u00e3o de poluentes. Sendo a emiss\u00e3o de<br \/>\n         gases provenientes dos ve\u00edculos a maior fonte de polui\u00e7\u00e3o atmosf\u00e9rica, portanto<br \/>\n         \u00e9 muito importante que este sistema esteja sempre em ordem. \u00c9 recomendado um<br \/>\n         exame no sistema a cada 30.000 km.<\/span><\/p>\n<\/p><\/div>\n<\/p><\/div>\n<\/div>\n<div class=\"art-content-layout\">\n<div class=\"art-content-layout-row\">\n<div class=\"art-layout-cell layout-item-0\" style=\"width: 33%\" >\n<h3>Pneus<\/h3>\n<p><span style=\"font-size: 9pt; line-height: 107%; font-family: Arial, sans-serif;\">O pneu \u00e9 uma das partes mais importantes de qualquer ve\u00edculo automotor.<br \/>\n         \u00c9 o pneu que suporta o peso do ve\u00edculo e sua carga e faz o contato do ve\u00edculo<br \/>\n         com o solo.<br \/>\n         O pneu transforma a for\u00e7a do motor em tra\u00e7\u00e3o e \u00e9 respons\u00e1vel pela efici\u00eancia da<br \/>\n         frenagem e da estabilidade nas curvas. Por isso, \u00e9 muito importante conhecer<br \/>\n         como um pneu \u00e9 fabricado, as caracter\u00edsticas de cada modelo e tipo, aplica\u00e7\u00f5es<br \/>\n         e principalmente os cuidados e manuten\u00e7\u00e3o.<\/span><\/p>\n<ul>\n<li>Montagem<\/li>\n<li>Balanceamento<\/li>\n<li>Alinhamento<\/li>\n<\/ul><\/div>\n<div class=\"art-layout-cell layout-item-0\" style=\"width: 34%\" >\n<h3>Rodas<\/h3>\n<p class=\"MsoNormal\">Aqui na SJ Pneus temos uma grande variedade de rodas, de a\u00e7o<br \/>\n         ou as de liga leve. As rodas de a\u00e7o s\u00e3o as mais comuns, utilizadas com calotas<br \/>\n         e usadas na maioria dos carros. Elas t\u00eam um custo mais baixo. J\u00e1 as rodas de<br \/>\n         liga s\u00e3o mais leves e ajudam em diversos aspectos, inclusive na economia de<br \/>\n         combust\u00edvel e como o alum\u00ednio esquenta menos que o a\u00e7o, o sistema de frenagem se desgasta menos, o que influencia no tempo de troca das pastilhas de freio. Aqui voc\u00ea encontra:<\/p>\n<ul>\n<li>Rodas de A\u00e7o,<\/li>\n<li>Rodas de liga leve,<\/li>\n<li>calotas.<\/li>\n<\/ul><\/div>\n<div class=\"art-layout-cell layout-item-0\" style=\"width: 33%\" >\n<h3>Suspens\u00e3o<\/h3>\n<p><span style=\"font-size: 9pt;\"><span style=\"font-family: Arial, sans-serif; line-height: 107%;\">A suspens\u00e3o \u00e9 um sistema que tem a fun\u00e7\u00e3o de absorver as vibra\u00e7\u00f5es e<br \/>\n         choques das rodas, proporcionando conforto aos ocupantes do ve\u00edculo e<br \/>\n         garantindo o contato das rodas com o solo.<\/span><br \/><span style=\"font-family: Arial, sans-serif; line-height: 107%;\"><br \/>\n         Formada por uma s\u00e9rie de componentes a suspens\u00e3o sofre desgaste natural com o<br \/>\n         uso, podendo prejudicar o desempenho do ve\u00edculo, ele \u00e9 o elemento vital para<br \/>\n         assegurar os n\u00edveis pretendidos de estabilidade do ve\u00edculo, nas freadas, em<br \/>\n         curvas, e em situa\u00e7\u00f5es onde o melhor comportamento do ve\u00edculo \u00e9 solicitado de<br \/>\n         forma cr\u00edtica.<\/span><br \/><\/span>\n    <\/div>\n<\/p><\/div>\n<\/div>\n","protected":false},"excerpt":{"rendered":"<p>Cuide bem de seu carro, ele vai durar mais e voc\u00ea economiza! A apar\u00eancia n\u00e3o \u00e9 tudo, seu ve\u00edculo precisa de cuidados para garantir a sua seguran\u00e7a e aumentar a vida \u00fatil. Al\u00e9m disto, um carro com as manuten\u00e7\u00f5es em dia tem mais valor de revenda, siga sempre as recomenda\u00e7\u00f5es do frabricante que constam no [&hellip;]<\/p>\n","protected":false},"author":1,"featured_media":0,"parent":0,"menu_order":3,"comment_status":"closed","ping_status":"closed","template":"","meta":{"footnotes":""},"class_list":["post-313","page","type-page","status-publish","hentry"],"yoast_head":"<!-- This site is optimized with the Yoast SEO plugin v26.0 - https:\/\/yoast.com\/wordpress\/plugins\/seo\/ -->\n<title>Produtos e Servi\u00e7os para seu ve\u00edculo -<\/title>\n<meta name=\"robots\" content=\"index, follow, max-snippet:-1, max-image-preview:large, max-video-preview:-1\" \/>\n<link rel=\"canonical\" href=\"https:\/\/sjpneus.com.br\/?page_id=313\" \/>\n<meta property=\"og:locale\" content=\"pt_BR\" \/>\n<meta property=\"og:type\" content=\"article\" \/>\n<meta property=\"og:title\" content=\"Produtos e Servi\u00e7os para seu ve\u00edculo -\" \/>\n<meta property=\"og:description\" content=\"Cuide bem de seu carro, ele vai durar mais e voc\u00ea economiza! A apar\u00eancia n\u00e3o \u00e9 tudo, seu ve\u00edculo precisa de cuidados para garantir a sua seguran\u00e7a e aumentar a vida \u00fatil. Al\u00e9m disto, um carro com as manuten\u00e7\u00f5es em dia tem mais valor de revenda, siga sempre as recomenda\u00e7\u00f5es do frabricante que constam no [&hellip;]\" \/>\n<meta property=\"og:url\" content=\"https:\/\/sjpneus.com.br\/?page_id=313\" \/>\n<meta property=\"og:image\" content=\"http:\/\/sjpneus.com.br\/wp-content\/uploads\/2021\/03\/9adde967-8369-4f07-9362-a1a3780d778b.png\" \/>\n<meta name=\"twitter:card\" content=\"summary_large_image\" \/>\n<meta name=\"twitter:label1\" content=\"Est. tempo de leitura\" \/>\n\t<meta name=\"twitter:data1\" content=\"3 minutos\" \/>\n<script type=\"application\/ld+json\" class=\"yoast-schema-graph\">{\"@context\":\"https:\/\/schema.org\",\"@graph\":[{\"@type\":\"WebPage\",\"@id\":\"https:\/\/sjpneus.com.br\/?page_id=313\",\"url\":\"https:\/\/sjpneus.com.br\/?page_id=313\",\"name\":\"Produtos e Servi\u00e7os para seu ve\u00edculo -\",\"isPartOf\":{\"@id\":\"https:\/\/sjpneus.com.br\/#website\"},\"primaryImageOfPage\":{\"@id\":\"https:\/\/sjpneus.com.br\/?page_id=313#primaryimage\"},\"image\":{\"@id\":\"https:\/\/sjpneus.com.br\/?page_id=313#primaryimage\"},\"thumbnailUrl\":\"http:\/\/sjpneus.com.br\/wp-content\/uploads\/2021\/03\/9adde967-8369-4f07-9362-a1a3780d778b.png\",\"datePublished\":\"2021-03-29T13:17:56+00:00\",\"breadcrumb\":{\"@id\":\"https:\/\/sjpneus.com.br\/?page_id=313#breadcrumb\"},\"inLanguage\":\"pt-BR\",\"potentialAction\":[{\"@type\":\"ReadAction\",\"target\":[\"https:\/\/sjpneus.com.br\/?page_id=313\"]}]},{\"@type\":\"ImageObject\",\"inLanguage\":\"pt-BR\",\"@id\":\"https:\/\/sjpneus.com.br\/?page_id=313#primaryimage\",\"url\":\"https:\/\/sjpneus.com.br\/wp-content\/uploads\/2021\/03\/9adde967-8369-4f07-9362-a1a3780d778b.png\",\"contentUrl\":\"https:\/\/sjpneus.com.br\/wp-content\/uploads\/2021\/03\/9adde967-8369-4f07-9362-a1a3780d778b.png\",\"width\":300,\"height\":267},{\"@type\":\"BreadcrumbList\",\"@id\":\"https:\/\/sjpneus.com.br\/?page_id=313#breadcrumb\",\"itemListElement\":[{\"@type\":\"ListItem\",\"position\":1,\"name\":\"In\u00edcio\",\"item\":\"https:\/\/sjpneus.com.br\/\"},{\"@type\":\"ListItem\",\"position\":2,\"name\":\"Produtos e Servi\u00e7os para seu ve\u00edculo\"}]},{\"@type\":\"WebSite\",\"@id\":\"https:\/\/sjpneus.com.br\/#website\",\"url\":\"https:\/\/sjpneus.com.br\/\",\"name\":\"\",\"description\":\"\",\"potentialAction\":[{\"@type\":\"SearchAction\",\"target\":{\"@type\":\"EntryPoint\",\"urlTemplate\":\"https:\/\/sjpneus.com.br\/?s={search_term_string}\"},\"query-input\":{\"@type\":\"PropertyValueSpecification\",\"valueRequired\":true,\"valueName\":\"search_term_string\"}}],\"inLanguage\":\"pt-BR\"}]}<\/script>\n<!-- \/ Yoast SEO plugin. -->","yoast_head_json":{"title":"Produtos e Servi\u00e7os para seu ve\u00edculo -","robots":{"index":"index","follow":"follow","max-snippet":"max-snippet:-1","max-image-preview":"max-image-preview:large","max-video-preview":"max-video-preview:-1"},"canonical":"https:\/\/sjpneus.com.br\/?page_id=313","og_locale":"pt_BR","og_type":"article","og_title":"Produtos e Servi\u00e7os para seu ve\u00edculo -","og_description":"Cuide bem de seu carro, ele vai durar mais e voc\u00ea economiza! A apar\u00eancia n\u00e3o \u00e9 tudo, seu ve\u00edculo precisa de cuidados para garantir a sua seguran\u00e7a e aumentar a vida \u00fatil. Al\u00e9m disto, um carro com as manuten\u00e7\u00f5es em dia tem mais valor de revenda, siga sempre as recomenda\u00e7\u00f5es do frabricante que constam no [&hellip;]","og_url":"https:\/\/sjpneus.com.br\/?page_id=313","og_image":[{"url":"http:\/\/sjpneus.com.br\/wp-content\/uploads\/2021\/03\/9adde967-8369-4f07-9362-a1a3780d778b.png","type":"","width":"","height":""}],"twitter_card":"summary_large_image","twitter_misc":{"Est. tempo de leitura":"3 minutos"},"schema":{"@context":"https:\/\/schema.org","@graph":[{"@type":"WebPage","@id":"https:\/\/sjpneus.com.br\/?page_id=313","url":"https:\/\/sjpneus.com.br\/?page_id=313","name":"Produtos e Servi\u00e7os para seu ve\u00edculo -","isPartOf":{"@id":"https:\/\/sjpneus.com.br\/#website"},"primaryImageOfPage":{"@id":"https:\/\/sjpneus.com.br\/?page_id=313#primaryimage"},"image":{"@id":"https:\/\/sjpneus.com.br\/?page_id=313#primaryimage"},"thumbnailUrl":"http:\/\/sjpneus.com.br\/wp-content\/uploads\/2021\/03\/9adde967-8369-4f07-9362-a1a3780d778b.png","datePublished":"2021-03-29T13:17:56+00:00","breadcrumb":{"@id":"https:\/\/sjpneus.com.br\/?page_id=313#breadcrumb"},"inLanguage":"pt-BR","potentialAction":[{"@type":"ReadAction","target":["https:\/\/sjpneus.com.br\/?page_id=313"]}]},{"@type":"ImageObject","inLanguage":"pt-BR","@id":"https:\/\/sjpneus.com.br\/?page_id=313#primaryimage","url":"https:\/\/sjpneus.com.br\/wp-content\/uploads\/2021\/03\/9adde967-8369-4f07-9362-a1a3780d778b.png","contentUrl":"https:\/\/sjpneus.com.br\/wp-content\/uploads\/2021\/03\/9adde967-8369-4f07-9362-a1a3780d778b.png","width":300,"height":267},{"@type":"BreadcrumbList","@id":"https:\/\/sjpneus.com.br\/?page_id=313#breadcrumb","itemListElement":[{"@type":"ListItem","position":1,"name":"In\u00edcio","item":"https:\/\/sjpneus.com.br\/"},{"@type":"ListItem","position":2,"name":"Produtos e Servi\u00e7os para seu ve\u00edculo"}]},{"@type":"WebSite","@id":"https:\/\/sjpneus.com.br\/#website","url":"https:\/\/sjpneus.com.br\/","name":"","description":"","potentialAction":[{"@type":"SearchAction","target":{"@type":"EntryPoint","urlTemplate":"https:\/\/sjpneus.com.br\/?s={search_term_string}"},"query-input":{"@type":"PropertyValueSpecification","valueRequired":true,"valueName":"search_term_string"}}],"inLanguage":"pt-BR"}]}},"_links":{"self":[{"href":"https:\/\/sjpneus.com.br\/index.php?rest_route=\/wp\/v2\/pages\/313","targetHints":{"allow":["GET"]}}],"collection":[{"href":"https:\/\/sjpneus.com.br\/index.php?rest_route=\/wp\/v2\/pages"}],"about":[{"href":"https:\/\/sjpneus.com.br\/index.php?rest_route=\/wp\/v2\/types\/page"}],"author":[{"embeddable":true,"href":"https:\/\/sjpneus.com.br\/index.php?rest_route=\/wp\/v2\/users\/1"}],"replies":[{"embeddable":true,"href":"https:\/\/sjpneus.com.br\/index.php?rest_route=%2Fwp%2Fv2%2Fcomments&post=313"}],"version-history":[{"count":0,"href":"https:\/\/sjpneus.com.br\/index.php?rest_route=\/wp\/v2\/pages\/313\/revisions"}],"wp:attachment":[{"href":"https:\/\/sjpneus.com.br\/index.php?rest_route=%2Fwp%2Fv2%2Fmedia&parent=313"}],"curies":[{"name":"wp","href":"https:\/\/api.w.org\/{rel}","templated":true}]}}