{"id":333,"date":"2021-03-29T10:18:16","date_gmt":"2021-03-29T13:18:16","guid":{"rendered":"https:\/\/sjpneus.com.br\/?page_id=333"},"modified":"2021-03-29T10:18:16","modified_gmt":"2021-03-29T13:18:16","slug":"dicas-de-seguranca","status":"publish","type":"page","link":"https:\/\/sjpneus.com.br\/?page_id=333","title":{"rendered":"Customers Say"},"content":{"rendered":"<div class=\"art-content-layout\">\n<div class=\"art-content-layout-row\">\n<div class=\"art-layout-cell layout-item-0\" style=\"width: 100%\" >\n<h3>Amortecedor<br \/><\/h3>\n<p><span style=\"color: rgb(227, 227, 227); font-family: Tahoma, Arial, Helvetica, sans-serif; font-size: 12px; font-weight: normal;\">A vida \u00fatil estimada de um amortecedor \u00e9 de 60.000km, mas isso depende muito das condi\u00e7\u00f5es de uso do ve\u00edculo. Os amortecedores devem ser trocados quando apresentarem algum vazamento independente da quilometragem rodada, portanto quando notar altera\u00e7\u00f5es na estabilidade do carro, carro com suspens\u00e3o muito &#8220;mole&#8221; \u00e9 recomend\u00e1vel verificar o estado dos amortecedores. Sempre deve ser trocado o par de amortecedores do eixo, ou seja, apresentou problema em um amortecedor dianteiro, troque os dois amortecedores dianteiros. Quando efetuar a troca dos amortecedores \u00e9 recomend\u00e1vel tamb\u00e9m realizar substitui\u00e7\u00e3o de coxins dos amortecedores.&nbsp;<\/span><\/p>\n<h3>Alinhamento e Balanceamento<br \/>\n        <\/h3>\n<p>N\u00e3o \u00e9 poss\u00edvel estabelecer uma quilometragem exata para execu\u00e7\u00e3o dos servi\u00e7os de alinhamento e balanceamento dos pneus. V\u00e1rios fatores podem provocar altera\u00e7\u00f5es na regulagem da geometria da suspens\u00e3o, como por exemplo: buracos, valetas, subir e descer guias das cal\u00e7adas, etc. Para perceber se o carro precisa ou n\u00e3o ser alinhado, basta notar se h\u00e1 desgaste irregular dos pneus, se o volante est\u00e1 fora de centro e se os pneus vivem cantando nas curvas. Recomendamos uma verifica\u00e7\u00e3o peri\u00f3dica da press\u00e3o dos pneus, assim como do estado (desgaste) da banda de rodagem. Al\u00e9m disso \u00e9 importante notar se com o ve\u00edculo em movimento ocorrem vibra\u00e7\u00f5es no volante de dire\u00e7\u00e3o, pois isto indica problemas de desbalanceamento das rodas. Recomendamos que o motorista fa\u00e7a o balanceamento, alinhamento e rodizio dos pneus no intervalo de 5.000 a 10.000 Km\n        <\/p>\n<h3>Revis\u00e3o<br \/>\n        <\/h3>\n<p>A maioria das montadoras recomenda uma revis\u00e3o a cada 10 mil km rodados. Mas isto depende muito de como o carro \u00e9 utilizado. As revis\u00f5es s\u00e3o importantes para prevenir poss\u00edveis problemas onde cada componente atua. Fazer uma revis\u00e3o em seu carro n\u00e3o implica necessariamente que pe\u00e7as ser\u00e3o trocadas. No ato da revis\u00e3o, ao constatar que a pe\u00e7a est\u00e1 em boas condi\u00e7\u00f5es, a troca n\u00e3o se faz necess\u00e1ria. A correia dentada deve sempre ser revisada e trocada na quilometragem indicada, pois se arrebentar h\u00e1 um grande risco de danificar seriamente o motor de seu carro. Fique atento! As informa\u00e7\u00f5es sobre quilometragens e datas para revis\u00f5es podem ser encontradas no manual do ve\u00edculo. Revis\u00f5es devem ser feitas por pessoas capacitadas, proporcionando assim uma maior seguran\u00e7a quanto \u00e0s funcionalidades do ve\u00edculo. E voc\u00ea ai, est\u00e1 esperando o qu\u00ea para trazer seu carro para realizarmos uma revis\u00e3o? Aqui na S\u00e3o Jos\u00e9 Pneus a revis\u00e3o \u00e9 gr\u00e1tis!\n        <\/p>\n<h3>Pneus<br \/>\n        <\/h3>\n<p>Voc\u00ea sabia que h\u00e1 indicadores de desgaste nos pneus? Eles indicam o desgaste da borracha e quando os pneus devem ser trocados. A profundidade m\u00ednima nos sulcos de um pneu n\u00e3o seja inferior a 1,6 mm. Evite multas e riscos a voc\u00ea e sua fam\u00edlia revisando a situa\u00e7\u00e3o dos pneus no m\u00e1ximo a cada 10 mil quil\u00f4metros, conferindo sempre balanceamento, geometria e situa\u00e7\u00e3o da suspens\u00e3o .\n        <\/p>\n<h3>Troca de \u00d3leo<br \/>\n        <\/h3>\n<p>A troca de \u00f3leo do carro \u00e9 algo importante para a vida \u00fatil do motor e, por mais simples que pare\u00e7a ser, requer aten\u00e7\u00e3o em alguns pontos: Em trechos urbanos \u00e9 considerado em alguns casos uso severo, ou seja, exige troca de lubrificante com maior frequ\u00eancia. Isso porque h\u00e1 grande varia\u00e7\u00e3o de rota\u00e7\u00f5es, de carga e de temperatura que exigem mais do motor e por consequ\u00eancia, do lubrificante. Por quest\u00e3o de tempo, recomenda-se trocar a cada seis meses, quando o veiculo n\u00e3o \u00e9 muito utilizado A recomenda\u00e7\u00e3o \u00e9 que a troca do filtro de \u00f3leo seja realizada a cada troca do lubrificante por executar v\u00e1rias tarefas como, lubrificar, refrigerar, proteger, pressurizar e limpar o motor.\n        <\/p>\n<h3>Suspens\u00e3o<br \/>\n        <\/h3>\n<p>O sistema de suspens\u00e3o tem uma fun\u00e7\u00e3o important\u00edssima no autom\u00f3vel. \u00c9 ela que absorve por meio dos seus componentes todas as irregularidades do solo n\u00e3o permitindo que trancos e solavancos cheguem at\u00e9 os usu\u00e1rios. Tamb\u00e9m \u00e9 respons\u00e1vel pela estabilidade do autom\u00f3vel Sem as molas e os amortecedores que permitem a movimenta\u00e7\u00e3o controlado do sistema, o desconforto seria muito grande, principalmente em pisos irregulares. Isso sem falar na vida \u00fatil do ve\u00edculo, que diminuiria muito com os fortes impactos sofridos. Com os impactos transferidos para o ve\u00edculo, h\u00e1 sofrimentos tanto do usu\u00e1rio como para o autom\u00f3vel Molas e amortecedores trabalham em conjunto; a mola absorve os impactos sofridos pelas rodas e os amortecedores seguram a sua distens\u00e3o brusca, evitando oscila\u00e7\u00f5es no ve\u00edculo. \u00c9 bom lembrar, embora a vida \u00fatil de um amortecedor seja bastante longa, fa\u00e7a uma revis\u00e3o a cada 40.000 quil\u00f4metros.\n        <\/p>\n<h3>Embreagem<br \/>\n        <\/h3>\n<p>Situa\u00e7\u00f5es como patina\u00e7\u00e3o, trepida\u00e7\u00e3o, ru\u00eddo ou dificuldade no engate n\u00e3o s\u00e3o normais. Ao primeiro perceber estes sintomas procure a S\u00e3o Jos\u00e9 Pneus, pois falhas ou descuidados na aplica\u00e7\u00e3o do produto podem gerar grandes dores de cabe\u00e7a al\u00e9m da quebra prematura.<br \/>\n        Escapamentos<br \/>\n        Quando o ronco do motor est\u00e1 alto demais, ou diferente, do habitual, pode ser hora de trocar o escapamento. Mesmo danificada, o escapamento n\u00e3o interfere no funcionamento do ve\u00edculo, por isso alguns motoristas acabam deixando a manuten\u00e7\u00e3o de lado. Isto \u00e9 um grande erro, pois manter o escapamento em bom estado \u00e9 significa economia! Ve\u00edculos com escapamento quebrado consomem mais combust\u00edvel.\n        <\/p>\n<p><\/p>\n<h3><\/h3>\n<p><span style=\"font-style: italic;\"> <\/span><\/p>\n<\/p><\/div>\n<\/p><\/div>\n<\/div>\n","protected":false},"excerpt":{"rendered":"<p>Amortecedor A vida \u00fatil estimada de um amortecedor \u00e9 de 60.000km, mas isso depende muito das condi\u00e7\u00f5es de uso do ve\u00edculo. Os amortecedores devem ser trocados quando apresentarem algum vazamento independente da quilometragem rodada, portanto quando notar altera\u00e7\u00f5es na estabilidade do carro, carro com suspens\u00e3o muito &#8220;mole&#8221; \u00e9 recomend\u00e1vel verificar o estado dos amortecedores. Sempre [&hellip;]<\/p>\n","protected":false},"author":1,"featured_media":0,"parent":0,"menu_order":23,"comment_status":"closed","ping_status":"closed","template":"","meta":{"footnotes":""},"class_list":["post-333","page","type-page","status-publish","hentry"],"yoast_head":"<!-- This site is optimized with the Yoast SEO plugin v26.0 - https:\/\/yoast.com\/wordpress\/plugins\/seo\/ -->\n<title>Customers Say -<\/title>\n<meta name=\"robots\" content=\"index, follow, max-snippet:-1, max-image-preview:large, max-video-preview:-1\" \/>\n<link rel=\"canonical\" href=\"https:\/\/sjpneus.com.br\/?page_id=333\" \/>\n<meta property=\"og:locale\" content=\"pt_BR\" \/>\n<meta property=\"og:type\" content=\"article\" \/>\n<meta property=\"og:title\" content=\"Customers Say -\" \/>\n<meta property=\"og:description\" content=\"Amortecedor A vida \u00fatil estimada de um amortecedor \u00e9 de 60.000km, mas isso depende muito das condi\u00e7\u00f5es de uso do ve\u00edculo. Os amortecedores devem ser trocados quando apresentarem algum vazamento independente da quilometragem rodada, portanto quando notar altera\u00e7\u00f5es na estabilidade do carro, carro com suspens\u00e3o muito &#8220;mole&#8221; \u00e9 recomend\u00e1vel verificar o estado dos amortecedores. Sempre [&hellip;]\" \/>\n<meta property=\"og:url\" content=\"https:\/\/sjpneus.com.br\/?page_id=333\" \/>\n<meta name=\"twitter:card\" content=\"summary_large_image\" \/>\n<meta name=\"twitter:label1\" content=\"Est. tempo de leitura\" \/>\n\t<meta name=\"twitter:data1\" content=\"4 minutos\" \/>\n<script type=\"application\/ld+json\" class=\"yoast-schema-graph\">{\"@context\":\"https:\/\/schema.org\",\"@graph\":[{\"@type\":\"WebPage\",\"@id\":\"https:\/\/sjpneus.com.br\/?page_id=333\",\"url\":\"https:\/\/sjpneus.com.br\/?page_id=333\",\"name\":\"Customers Say -\",\"isPartOf\":{\"@id\":\"https:\/\/sjpneus.com.br\/#website\"},\"datePublished\":\"2021-03-29T13:18:16+00:00\",\"breadcrumb\":{\"@id\":\"https:\/\/sjpneus.com.br\/?page_id=333#breadcrumb\"},\"inLanguage\":\"pt-BR\",\"potentialAction\":[{\"@type\":\"ReadAction\",\"target\":[\"https:\/\/sjpneus.com.br\/?page_id=333\"]}]},{\"@type\":\"BreadcrumbList\",\"@id\":\"https:\/\/sjpneus.com.br\/?page_id=333#breadcrumb\",\"itemListElement\":[{\"@type\":\"ListItem\",\"position\":1,\"name\":\"In\u00edcio\",\"item\":\"https:\/\/sjpneus.com.br\/\"},{\"@type\":\"ListItem\",\"position\":2,\"name\":\"Customers Say\"}]},{\"@type\":\"WebSite\",\"@id\":\"https:\/\/sjpneus.com.br\/#website\",\"url\":\"https:\/\/sjpneus.com.br\/\",\"name\":\"\",\"description\":\"\",\"potentialAction\":[{\"@type\":\"SearchAction\",\"target\":{\"@type\":\"EntryPoint\",\"urlTemplate\":\"https:\/\/sjpneus.com.br\/?s={search_term_string}\"},\"query-input\":{\"@type\":\"PropertyValueSpecification\",\"valueRequired\":true,\"valueName\":\"search_term_string\"}}],\"inLanguage\":\"pt-BR\"}]}<\/script>\n<!-- \/ Yoast SEO plugin. -->","yoast_head_json":{"title":"Customers Say -","robots":{"index":"index","follow":"follow","max-snippet":"max-snippet:-1","max-image-preview":"max-image-preview:large","max-video-preview":"max-video-preview:-1"},"canonical":"https:\/\/sjpneus.com.br\/?page_id=333","og_locale":"pt_BR","og_type":"article","og_title":"Customers Say -","og_description":"Amortecedor A vida \u00fatil estimada de um amortecedor \u00e9 de 60.000km, mas isso depende muito das condi\u00e7\u00f5es de uso do ve\u00edculo. Os amortecedores devem ser trocados quando apresentarem algum vazamento independente da quilometragem rodada, portanto quando notar altera\u00e7\u00f5es na estabilidade do carro, carro com suspens\u00e3o muito &#8220;mole&#8221; \u00e9 recomend\u00e1vel verificar o estado dos amortecedores. Sempre [&hellip;]","og_url":"https:\/\/sjpneus.com.br\/?page_id=333","twitter_card":"summary_large_image","twitter_misc":{"Est. tempo de leitura":"4 minutos"},"schema":{"@context":"https:\/\/schema.org","@graph":[{"@type":"WebPage","@id":"https:\/\/sjpneus.com.br\/?page_id=333","url":"https:\/\/sjpneus.com.br\/?page_id=333","name":"Customers Say -","isPartOf":{"@id":"https:\/\/sjpneus.com.br\/#website"},"datePublished":"2021-03-29T13:18:16+00:00","breadcrumb":{"@id":"https:\/\/sjpneus.com.br\/?page_id=333#breadcrumb"},"inLanguage":"pt-BR","potentialAction":[{"@type":"ReadAction","target":["https:\/\/sjpneus.com.br\/?page_id=333"]}]},{"@type":"BreadcrumbList","@id":"https:\/\/sjpneus.com.br\/?page_id=333#breadcrumb","itemListElement":[{"@type":"ListItem","position":1,"name":"In\u00edcio","item":"https:\/\/sjpneus.com.br\/"},{"@type":"ListItem","position":2,"name":"Customers Say"}]},{"@type":"WebSite","@id":"https:\/\/sjpneus.com.br\/#website","url":"https:\/\/sjpneus.com.br\/","name":"","description":"","potentialAction":[{"@type":"SearchAction","target":{"@type":"EntryPoint","urlTemplate":"https:\/\/sjpneus.com.br\/?s={search_term_string}"},"query-input":{"@type":"PropertyValueSpecification","valueRequired":true,"valueName":"search_term_string"}}],"inLanguage":"pt-BR"}]}},"_links":{"self":[{"href":"https:\/\/sjpneus.com.br\/index.php?rest_route=\/wp\/v2\/pages\/333","targetHints":{"allow":["GET"]}}],"collection":[{"href":"https:\/\/sjpneus.com.br\/index.php?rest_route=\/wp\/v2\/pages"}],"about":[{"href":"https:\/\/sjpneus.com.br\/index.php?rest_route=\/wp\/v2\/types\/page"}],"author":[{"embeddable":true,"href":"https:\/\/sjpneus.com.br\/index.php?rest_route=\/wp\/v2\/users\/1"}],"replies":[{"embeddable":true,"href":"https:\/\/sjpneus.com.br\/index.php?rest_route=%2Fwp%2Fv2%2Fcomments&post=333"}],"version-history":[{"count":0,"href":"https:\/\/sjpneus.com.br\/index.php?rest_route=\/wp\/v2\/pages\/333\/revisions"}],"wp:attachment":[{"href":"https:\/\/sjpneus.com.br\/index.php?rest_route=%2Fwp%2Fv2%2Fmedia&parent=333"}],"curies":[{"name":"wp","href":"https:\/\/api.w.org\/{rel}","templated":true}]}}