{"id":334,"date":"2021-03-29T10:18:17","date_gmt":"2021-03-29T13:18:17","guid":{"rendered":"https:\/\/sjpneus.com.br\/?page_id=334"},"modified":"2021-03-29T10:18:17","modified_gmt":"2021-03-29T13:18:17","slug":"contato","status":"publish","type":"page","link":"https:\/\/sjpneus.com.br\/?page_id=334","title":{"rendered":"Converse conosco"},"content":{"rendered":"<div class=\"art-content-layout\">\n<div class=\"art-content-layout-row\">\n<div class=\"art-layout-cell layout-item-0\" style=\"width: 100%\" >\n<p><span style=\"font-weight: bold; font-size: 16px;\">Quer agendar uma revis\u00e3o no seu carro? T\u00eam alguma d\u00favida? Converse conosco, teremos o maior prazer em atende-lo!<\/span><\/p>\n<h3>S\u00e3o Jos\u00e9 Pneus<\/h3>\n<p>Avenida Brasil, 570 &#8211; Centro &#8211; Mogi Mirim &#8211; SP<br \/>Telefone (19) 3806 6767<\/p>\n<p>ou use nos canais na internet<\/p>\n<p>FACEBOOK&nbsp;<a href=\"https:\/\/www.facebook.com\/sjpneus\/\">facebook.com\/sjpneus\/<\/a><\/p>\n<p>SITE <a href=\"http:\/\/www.sjpneus.com.br\" target=\"_self\" rel=\"noopener\">www.sjpneus.com.br<\/a><br \/>E-MAIL <a href=\"mailto:claudio@sjpneus.com.br\">claudio@sjpneus.com.br<\/a><\/p>\n<\/p><\/div>\n<\/p><\/div>\n<\/div>\n","protected":false},"excerpt":{"rendered":"<p>Quer agendar uma revis\u00e3o no seu carro? T\u00eam alguma d\u00favida? Converse conosco, teremos o maior prazer em atende-lo! S\u00e3o Jos\u00e9 Pneus Avenida Brasil, 570 &#8211; Centro &#8211; Mogi Mirim &#8211; SPTelefone (19) 3806 6767 ou use nos canais na internet FACEBOOK&nbsp;facebook.com\/sjpneus\/ SITE www.sjpneus.com.brE-MAIL claudio@sjpneus.com.br<\/p>\n","protected":false},"author":1,"featured_media":0,"parent":0,"menu_order":24,"comment_status":"closed","ping_status":"closed","template":"","meta":{"footnotes":""},"class_list":["post-334","page","type-page","status-publish","hentry"],"yoast_head":"<!-- This site is optimized with the Yoast SEO plugin v26.0 - https:\/\/yoast.com\/wordpress\/plugins\/seo\/ -->\n<title>Converse conosco -<\/title>\n<meta name=\"robots\" content=\"index, follow, max-snippet:-1, max-image-preview:large, max-video-preview:-1\" \/>\n<link rel=\"canonical\" href=\"https:\/\/sjpneus.com.br\/?page_id=334\" \/>\n<meta property=\"og:locale\" content=\"pt_BR\" \/>\n<meta property=\"og:type\" content=\"article\" \/>\n<meta property=\"og:title\" content=\"Converse conosco -\" \/>\n<meta property=\"og:description\" content=\"Quer agendar uma revis\u00e3o no seu carro? T\u00eam alguma d\u00favida? Converse conosco, teremos o maior prazer em atende-lo! S\u00e3o Jos\u00e9 Pneus Avenida Brasil, 570 &#8211; Centro &#8211; Mogi Mirim &#8211; SPTelefone (19) 3806 6767 ou use nos canais na internet FACEBOOK&nbsp;facebook.com\/sjpneus\/ SITE www.sjpneus.com.brE-MAIL claudio@sjpneus.com.br\" \/>\n<meta property=\"og:url\" content=\"https:\/\/sjpneus.com.br\/?page_id=334\" \/>\n<meta name=\"twitter:card\" content=\"summary_large_image\" \/>\n<script type=\"application\/ld+json\" class=\"yoast-schema-graph\">{\"@context\":\"https:\/\/schema.org\",\"@graph\":[{\"@type\":\"WebPage\",\"@id\":\"https:\/\/sjpneus.com.br\/?page_id=334\",\"url\":\"https:\/\/sjpneus.com.br\/?page_id=334\",\"name\":\"Converse conosco -\",\"isPartOf\":{\"@id\":\"https:\/\/sjpneus.com.br\/#website\"},\"datePublished\":\"2021-03-29T13:18:17+00:00\",\"breadcrumb\":{\"@id\":\"https:\/\/sjpneus.com.br\/?page_id=334#breadcrumb\"},\"inLanguage\":\"pt-BR\",\"potentialAction\":[{\"@type\":\"ReadAction\",\"target\":[\"https:\/\/sjpneus.com.br\/?page_id=334\"]}]},{\"@type\":\"BreadcrumbList\",\"@id\":\"https:\/\/sjpneus.com.br\/?page_id=334#breadcrumb\",\"itemListElement\":[{\"@type\":\"ListItem\",\"position\":1,\"name\":\"In\u00edcio\",\"item\":\"https:\/\/sjpneus.com.br\/\"},{\"@type\":\"ListItem\",\"position\":2,\"name\":\"Converse conosco\"}]},{\"@type\":\"WebSite\",\"@id\":\"https:\/\/sjpneus.com.br\/#website\",\"url\":\"https:\/\/sjpneus.com.br\/\",\"name\":\"\",\"description\":\"\",\"potentialAction\":[{\"@type\":\"SearchAction\",\"target\":{\"@type\":\"EntryPoint\",\"urlTemplate\":\"https:\/\/sjpneus.com.br\/?s={search_term_string}\"},\"query-input\":{\"@type\":\"PropertyValueSpecification\",\"valueRequired\":true,\"valueName\":\"search_term_string\"}}],\"inLanguage\":\"pt-BR\"}]}<\/script>\n<!-- \/ Yoast SEO plugin. -->","yoast_head_json":{"title":"Converse conosco -","robots":{"index":"index","follow":"follow","max-snippet":"max-snippet:-1","max-image-preview":"max-image-preview:large","max-video-preview":"max-video-preview:-1"},"canonical":"https:\/\/sjpneus.com.br\/?page_id=334","og_locale":"pt_BR","og_type":"article","og_title":"Converse conosco -","og_description":"Quer agendar uma revis\u00e3o no seu carro? T\u00eam alguma d\u00favida? Converse conosco, teremos o maior prazer em atende-lo! S\u00e3o Jos\u00e9 Pneus Avenida Brasil, 570 &#8211; Centro &#8211; Mogi Mirim &#8211; SPTelefone (19) 3806 6767 ou use nos canais na internet FACEBOOK&nbsp;facebook.com\/sjpneus\/ SITE www.sjpneus.com.brE-MAIL claudio@sjpneus.com.br","og_url":"https:\/\/sjpneus.com.br\/?page_id=334","twitter_card":"summary_large_image","schema":{"@context":"https:\/\/schema.org","@graph":[{"@type":"WebPage","@id":"https:\/\/sjpneus.com.br\/?page_id=334","url":"https:\/\/sjpneus.com.br\/?page_id=334","name":"Converse conosco -","isPartOf":{"@id":"https:\/\/sjpneus.com.br\/#website"},"datePublished":"2021-03-29T13:18:17+00:00","breadcrumb":{"@id":"https:\/\/sjpneus.com.br\/?page_id=334#breadcrumb"},"inLanguage":"pt-BR","potentialAction":[{"@type":"ReadAction","target":["https:\/\/sjpneus.com.br\/?page_id=334"]}]},{"@type":"BreadcrumbList","@id":"https:\/\/sjpneus.com.br\/?page_id=334#breadcrumb","itemListElement":[{"@type":"ListItem","position":1,"name":"In\u00edcio","item":"https:\/\/sjpneus.com.br\/"},{"@type":"ListItem","position":2,"name":"Converse conosco"}]},{"@type":"WebSite","@id":"https:\/\/sjpneus.com.br\/#website","url":"https:\/\/sjpneus.com.br\/","name":"","description":"","potentialAction":[{"@type":"SearchAction","target":{"@type":"EntryPoint","urlTemplate":"https:\/\/sjpneus.com.br\/?s={search_term_string}"},"query-input":{"@type":"PropertyValueSpecification","valueRequired":true,"valueName":"search_term_string"}}],"inLanguage":"pt-BR"}]}},"_links":{"self":[{"href":"https:\/\/sjpneus.com.br\/index.php?rest_route=\/wp\/v2\/pages\/334","targetHints":{"allow":["GET"]}}],"collection":[{"href":"https:\/\/sjpneus.com.br\/index.php?rest_route=\/wp\/v2\/pages"}],"about":[{"href":"https:\/\/sjpneus.com.br\/index.php?rest_route=\/wp\/v2\/types\/page"}],"author":[{"embeddable":true,"href":"https:\/\/sjpneus.com.br\/index.php?rest_route=\/wp\/v2\/users\/1"}],"replies":[{"embeddable":true,"href":"https:\/\/sjpneus.com.br\/index.php?rest_route=%2Fwp%2Fv2%2Fcomments&post=334"}],"version-history":[{"count":0,"href":"https:\/\/sjpneus.com.br\/index.php?rest_route=\/wp\/v2\/pages\/334\/revisions"}],"wp:attachment":[{"href":"https:\/\/sjpneus.com.br\/index.php?rest_route=%2Fwp%2Fv2%2Fmedia&parent=334"}],"curies":[{"name":"wp","href":"https:\/\/api.w.org\/{rel}","templated":true}]}}